{"id":4605,"date":"2024-01-25T04:23:08","date_gmt":"2024-01-25T04:23:08","guid":{"rendered":"https:\/\/aobot.com.co\/?page_id=4605"},"modified":"2025-04-22T21:19:03","modified_gmt":"2025-04-22T21:19:03","slug":"nosotros","status":"publish","type":"page","link":"https:\/\/www.aobot.co\/en\/nosotros\/","title":{"rendered":"Nosotros"},"content":{"rendered":"<div class=\"wpb-content-wrapper\"><div data-vc-full-width=\"true\" data-vc-full-width-init=\"false\" data-vc-stretch-content=\"true\" class=\"vc_row wpb_row vc_row-fluid wpb_animate_when_almost_visible wpb_fadeIn fadeIn vc_row-no-padding\"><div class=\"wpb_column vc_column_container vc_col-sm-8\"><div class=\"vc_column-inner\"><div class=\"wpb_wrapper\"><div class=\"ult-content-box-container\" >\t\t<div class=\"ult-content-box\" style=\"box-shadow: px px px px none;margin:70px;-webkit-transition: all 700ms ease;-moz-transition: all 700ms ease;-ms-transition: all 700ms ease;-o-transition: all 700ms ease;transition: all 700ms ease;\"  data-hover_box_shadow=\"none\"   data-responsive_margins=\"margin:0px;\"   data-normal_margins=\"margin:70px;\"  ><div class=\"vc_empty_space\"   style=\"height: 100px\"><span class=\"vc_empty_space_inner\"><\/span><\/div><h5 style=\"color: rgba(255,255,255,0.7);text-align: left\" class=\"vc_custom_heading\" >Conoce sobre AO.BOT<\/h5><div id=\"ultv-3327\" class=\"ult-dual-color ult-adjust-bottom-margin ult-dual-color-responsive-none ultv-3327\"><div class=\"ult-module-content ult-dual-color-heading\" style=\"text-align:left;\">\n\t\t\t\t\t\t<h1><span class=\"ult-before-heading\">\n\t\t\t\t\t\t\t\t\t<span class=\"ult-dual-heading-text ult-first-text ult-responsive\"  data-ultimate-target='.ult-dual-color.ultv-3327 .ult-dual-heading-text'  data-responsive-json-new='{\"font-size\":\"\",\"line-height\":\"\"}'  style=\"color:#f4f4f4;     border:none; font-family:&#039;Inter&#039;;font-weight:800;\">Comprometidos con Nuestros Valores<\/span>\n\t\t\t\t\t\t\t\t<\/span><span class=\"ult-adv-heading\" style=\"\">\n\t\t\t\t\t\t\t\t\t<span class=\"ult-dual-adv-heading-text ult-highlight-text ult-responsive\"  data-ultimate-target='.ult-dual-color.ultv-3327 .ult-highlight-text'  data-responsive-json-new='{\"font-size\":\"\",\"line-height\":\"\"}'  style=\"color:#ffffff;   letter-spacing:0px;  border:none; font-family:&#039;Inter&#039;;font-weight:800;\">.<\/span>\n\t\t\t\t\t\t\t\t<\/span><\/h1> <\/div><\/div><div class=\"vc_empty_space\"   style=\"height: 30px\"><span class=\"vc_empty_space_inner\"><\/span><\/div><div class=\"vc_empty_space\"   style=\"height: 30px\"><span class=\"vc_empty_space_inner\"><\/span><\/div><div class=\"vc_empty_space\"   style=\"height: 220px\"><span class=\"vc_empty_space_inner\"><\/span><\/div>\t\t<\/div><\/div><\/div><\/div><\/div><div class=\"wpb_column vc_column_container vc_col-sm-4\"><div class=\"vc_column-inner\"><div class=\"wpb_wrapper\"><\/div><\/div><\/div><\/div><div class=\"vc_row-full-width vc_clearfix\"><\/div><!-- Row Backgrounds --><div class=\"upb_content_iframe\" data-controls=\"\" data-viewport-video=\"false\" data-ultimate-video=\"https:\/\/www.youtube.com\/watch?v=LdJcjhTaQRU\" data-bg-override=\"ex-full\" data-start-time=\"\" data-stop-time=\"\" data-ultimate-video-muted=\"\" data-ultimate-video-loop=\"loop\" data-ultimate-video-poster=\"https:\/\/www.aobot.co\/wp-content\/uploads\/2024\/01\/Banner-AO.BOT-edificios.jpg\" data-upb-overlay-color=\"rgba(15,34,140,0.2)\" data-upb-bg-animation=\"\" data-fadeout=\"\" data-fadeout-percentage=\"30\"  data-parallax-content=\"\" data-parallax-content-sense=\"30\" data-row-effect-mobile-disable=\"true\" data-img-parallax-mobile-disable=\"true\" data-rtl=\"false\"  data-custom-vc-row=\"\"  data-vc=\"7.2\"  data-is_old_vc=\"\"  data-theme-support=\"\"   data-overlay=\"true\" data-overlay-color=\"rgba(15,34,140,0.2)\" data-overlay-pattern=\"https:\/\/www.aobot.co\/wp-content\/plugins\/Ultimate_VC_Addons\/assets\/images\/patterns\/01.png\" data-overlay-pattern-opacity=\"0.99\" data-overlay-pattern-size=\"\" data-overlay-pattern-attachment=\"scroll\"    data-seperator=\"true\"  data-seperator-type=\"curve_up_seperator\"  data-seperator-shape-size=\"40\"  data-seperator-svg-height=\"200\"  data-seperator-full-width=\"true\" data-seperator-position=\"bottom_seperator\"  data-seperator-background-color=\"#fefcff\"  data-icon=\"\"   data-video_fixer=\"true\"><\/div><div class=\"vc_row wpb_row vc_row-fluid\"><div class=\"wpb_column vc_column_container vc_col-sm-12\"><div class=\"vc_column-inner\"><div class=\"wpb_wrapper\"><div class=\"ult-content-box-container\" >\t\t<div class=\"ult-content-box\" style=\"box-shadow: px px px px none;margin:80px;-webkit-transition: all 700ms ease;-moz-transition: all 700ms ease;-ms-transition: all 700ms ease;-o-transition: all 700ms ease;transition: all 700ms ease;\"  data-hover_box_shadow=\"none\"   data-responsive_margins=\"margin:20px;\"   data-normal_margins=\"margin:80px;\"  ><div class=\"ult-spacer spacer-69e37908b9aca\" data-id=\"69e37908b9aca\" data-height=\"10\" data-height-mobile=\"0\" data-height-tab=\"10\" data-height-tab-portrait=\"0\" data-height-mobile-landscape=\"0\" style=\"clear:both;display:block;\"><\/div><h2 style=\"text-align: left\" class=\"vc_custom_heading no-letter-spacing\" >AO.BOT<\/h2><h5 style=\"text-align: left\" class=\"vc_custom_heading no-letter-spacing\" >\u00bfQuienes Somos?<\/h5><div class=\"vc_empty_space\"   style=\"height: 10px\"><span class=\"vc_empty_space_inner\"><\/span><\/div><div class=\"vc_empty_space\"   style=\"height: 15px\"><span class=\"vc_empty_space_inner\"><\/span><\/div>\n\t<div class=\"wpb_text_column wpb_content_element\" >\n\t\t<div class=\"wpb_wrapper\">\n\t\t\t<p>AO BOT es una <strong>empresa de tecnolog\u00eda especializada en la automatizaci\u00f3n<\/strong> de procesos empresariales, <strong>inteligencia artificial<\/strong>, desarrollo de software a la medida, <strong>anal\u00edtica de datos<\/strong> avanzada y ciberseguridad. Nos enfocamos en ayudar a las organizaciones a optimizar sus operaciones, mejorar su eficiencia y acelerar su transformaci\u00f3n digital mediante <strong>soluciones tecnol\u00f3gicas<\/strong> innovadoras, adaptadas a las necesidades espec\u00edficas de cada cliente.<\/p>\n<p>En AO BOT, creemos que el futuro de los negocios reside en la capacidad de automatizar procesos clave, aprovechar el poder de los datos y utilizar herramientas avanzadas que potencien la innovaci\u00f3n y la productividad. Nuestra misi\u00f3n es ofrecer soluciones tecnol\u00f3gicas que no solo resuelvan problemas, sino que tambi\u00e9n impulsen un crecimiento sostenido y eficiente para nuestros clientes.<\/p>\n<p>AO BOT es m\u00e1s que una empresa de tecnolog\u00eda: somos tu socio estrat\u00e9gico en la transformaci\u00f3n digital.<\/p>\n\n\t\t<\/div>\n\t<\/div>\n<div class=\"vc_empty_space\"   style=\"height: 10px\"><span class=\"vc_empty_space_inner\"><\/span><\/div><h5 style=\"text-align: left\" class=\"vc_custom_heading no-letter-spacing\" >\u00bfPor qu\u00e9 elegirnos?<\/h5><div class=\"vc_empty_space\"   style=\"height: 10px\"><span class=\"vc_empty_space_inner\"><\/span><\/div><div class=\"vc_empty_space\"   style=\"height: 10px\"><span class=\"vc_empty_space_inner\"><\/span><\/div>\n\t<div class=\"wpb_text_column wpb_content_element\" >\n\t\t<div class=\"wpb_wrapper\">\n\t\t\t<p style=\"text-align: justify;\">\u2022 <strong>Innovaci\u00f3n continua como motor de transformaci\u00f3n:<\/strong> Estamos a la vanguardia de la tecnolog\u00eda, ofreciendo soluciones que integran las \u00faltimas tendencias en automatizaci\u00f3n y anal\u00edtica de datos.<br \/>\n\u2022 <strong>Resultados eficientes, comprobados y sostenibles:<\/strong> Nuestras soluciones est\u00e1n dise\u00f1adas para optimizar tus procesos y aumentar tu productividad, permitiendo que te enfoques en lo m\u00e1s importante: el crecimiento de tu negocio.<br \/>\n\u2022 <strong>Escalabilidad:<\/strong> Nuestros servicios se ajustan a la medida de tu empresa, ya sea que est\u00e9s comenzando o buscando expandirte a nuevos mercados.<\/p>\n<p><strong>\u00a1Transforma tu Negocio Hoy!<\/strong><\/p>\n<p>En AO BOT, creemos que el <strong>futuro<\/strong> de los negocios es la <strong>automatizaci\u00f3n<\/strong> y la toma de decisiones basada en datos. Estamos aqu\u00ed para ayudarte a dar ese paso hacia el futuro con soluciones tecnol\u00f3gicas que <strong>impulsan el cambio.<\/strong><\/p>\n<p>Cont\u00e1ctanos hoy y descubre c\u00f3mo podemos ayudarte a automatizar, optimizar y crecer.<\/p>\n\n\t\t<\/div>\n\t<\/div>\n<div class=\"vc_empty_space\"   style=\"height: 10px\"><span class=\"vc_empty_space_inner\"><\/span><\/div><div class=\"vc_empty_space\"   style=\"height: 10px\"><span class=\"vc_empty_space_inner\"><\/span><\/div><h5 style=\"text-align: left\" class=\"vc_custom_heading no-letter-spacing\" >S\u00edguenos<\/h5><div id=\"treethemes-social-networks-shortcode-1\" class=\"widget nyssa_socials_widget\"><div class=\"social-icons-fa align-left\"><ul><li><a href=\"https:\/\/www.facebook.com\/people\/AOBOT\/61554917580581\/\" target=\"_blank\" class=\"social-network facebook\" title=\"Facebook\"><i class=\"fab fa-facebook\"><\/i><\/a><\/li><li><a href=\"https:\/\/www.instagram.com\/aobotcol\/\" target=\"_blank\" class=\"social-network instagram\" title=\"Instagram\"><i class=\"fab fa-instagram\"><\/i><\/a><\/li><li><a href=\"https:\/\/www.tiktok.com\/@ao.botcol\" target=\"_blank\" class=\"social-network tiktok\" title=\"tiktok\"><i class=\"fab fa-tiktok\"><\/i><\/a><\/li><\/ul><\/div><\/div><div class=\"ult-spacer spacer-69e37908ba995\" data-id=\"69e37908ba995\" data-height=\"\" data-height-mobile=\"50\" data-height-tab=\"\" data-height-tab-portrait=\"50\" data-height-mobile-landscape=\"50\" style=\"clear:both;display:block;\"><\/div>\t\t<\/div><\/div><\/div><\/div><\/div><\/div>\n<\/div>","protected":false},"excerpt":{"rendered":"Conoce sobre AO.BOT Comprometidos con Nuestros Valores . AO.BOT\u00bfQuienes Somos? AO BOT es una empresa de tecnolog\u00eda especializada en la automatizaci\u00f3n de procesos empresariales, inteligencia artificial, desarrollo de software a la medida, anal\u00edtica de datos avanzada y ciberseguridad. Nos enfocamos en ayudar a las organizaciones a optimizar sus operaciones, mejorar su eficiencia y acelerar su [...]","protected":false},"author":1,"featured_media":0,"parent":0,"menu_order":0,"comment_status":"closed","ping_status":"closed","template":"page.php","meta":{"footnotes":""},"class_list":["post-4605","page","type-page","status-publish","hentry"],"_links":{"self":[{"href":"https:\/\/www.aobot.co\/en\/wp-json\/wp\/v2\/pages\/4605","targetHints":{"allow":["GET"]}}],"collection":[{"href":"https:\/\/www.aobot.co\/en\/wp-json\/wp\/v2\/pages"}],"about":[{"href":"https:\/\/www.aobot.co\/en\/wp-json\/wp\/v2\/types\/page"}],"author":[{"embeddable":true,"href":"https:\/\/www.aobot.co\/en\/wp-json\/wp\/v2\/users\/1"}],"replies":[{"embeddable":true,"href":"https:\/\/www.aobot.co\/en\/wp-json\/wp\/v2\/comments?post=4605"}],"version-history":[{"count":46,"href":"https:\/\/www.aobot.co\/en\/wp-json\/wp\/v2\/pages\/4605\/revisions"}],"predecessor-version":[{"id":4859,"href":"https:\/\/www.aobot.co\/en\/wp-json\/wp\/v2\/pages\/4605\/revisions\/4859"}],"wp:attachment":[{"href":"https:\/\/www.aobot.co\/en\/wp-json\/wp\/v2\/media?parent=4605"}],"curies":[{"name":"wp","href":"https:\/\/api.w.org\/{rel}","templated":true}]}}