{"id":28,"date":"2022-08-02T14:37:44","date_gmt":"2022-08-02T14:37:44","guid":{"rendered":"https:\/\/preview.treethemes.com\/nyssa_backup\/demo1-clean\/?page_id=28"},"modified":"2025-04-22T20:53:04","modified_gmt":"2025-04-22T20:53:04","slug":"servicios","status":"publish","type":"page","link":"https:\/\/www.aobot.co\/en\/servicios\/","title":{"rendered":"servicios"},"content":{"rendered":"<div class=\"wpb-content-wrapper\"><div data-vc-full-width=\"true\" data-vc-full-width-init=\"false\" data-vc-stretch-content=\"true\" class=\"vc_row wpb_row vc_row-fluid wpb_animate_when_almost_visible wpb_fadeIn fadeIn vc_row-no-padding\"><div class=\"wpb_column vc_column_container vc_col-sm-8\"><div class=\"vc_column-inner\"><div class=\"wpb_wrapper\"><div class=\"ult-content-box-container\" >\t\t<div class=\"ult-content-box\" style=\"box-shadow: px px px px none;margin:70px;-webkit-transition: all 700ms ease;-moz-transition: all 700ms ease;-ms-transition: all 700ms ease;-o-transition: all 700ms ease;transition: all 700ms ease;\"  data-hover_box_shadow=\"none\"   data-responsive_margins=\"margin:0px;\"   data-normal_margins=\"margin:70px;\"  ><div class=\"vc_empty_space\"   style=\"height: 100px\"><span class=\"vc_empty_space_inner\"><\/span><\/div><h5 style=\"color: rgba(255,255,255,0.7);text-align: left\" class=\"vc_custom_heading\" >Nuestros servicios<\/h5><div id=\"ultv-6145\" class=\"ult-dual-color ult-adjust-bottom-margin ult-dual-color-responsive-none ultv-6145\"><div class=\"ult-module-content ult-dual-color-heading\" style=\"text-align:left;\">\n\t\t\t\t\t\t<h1><span class=\"ult-before-heading\">\n\t\t\t\t\t\t\t\t\t<span class=\"ult-dual-heading-text ult-first-text ult-responsive\"  data-ultimate-target='.ult-dual-color.ultv-6145 .ult-dual-heading-text'  data-responsive-json-new='{\"font-size\":\"\",\"line-height\":\"\"}'  style=\"color:#ffffff;     border:none; font-family:&#039;Inter&#039;;font-weight:800;\">El mejor servicio para ti<\/span>\n\t\t\t\t\t\t\t\t<\/span><span class=\"ult-adv-heading\" style=\"\">\n\t\t\t\t\t\t\t\t\t<span class=\"ult-dual-adv-heading-text ult-highlight-text ult-responsive\"  data-ultimate-target='.ult-dual-color.ultv-6145 .ult-highlight-text'  data-responsive-json-new='{\"font-size\":\"\",\"line-height\":\"\"}'  style=\"color:#ffffff;   letter-spacing:0px;  border:none; font-family:&#039;Inter&#039;;font-weight:800;\">.<\/span>\n\t\t\t\t\t\t\t\t<\/span><\/h1> <\/div><\/div><div class=\"vc_empty_space\"   style=\"height: 30px\"><span class=\"vc_empty_space_inner\"><\/span><\/div><div class=\"vc_empty_space\"   style=\"height: 30px\"><span class=\"vc_empty_space_inner\"><\/span><\/div><div class=\"vc_empty_space\"   style=\"height: 220px\"><span class=\"vc_empty_space_inner\"><\/span><\/div>\t\t<\/div><\/div><\/div><\/div><\/div><div class=\"wpb_column vc_column_container vc_col-sm-4\"><div class=\"vc_column-inner\"><div class=\"wpb_wrapper\"><\/div><\/div><\/div><\/div><div class=\"vc_row-full-width vc_clearfix\"><\/div><!-- Row Backgrounds --><div class=\"upb_content_iframe\" data-controls=\"\" data-viewport-video=\"false\" data-ultimate-video=\"https:\/\/www.youtube.com\/watch?v=wjAl_L3mX7I\" data-bg-override=\"ex-full\" data-start-time=\"\" data-stop-time=\"\" data-ultimate-video-muted=\"muted\" data-ultimate-video-loop=\"loop\" data-ultimate-video-poster=\"https:\/\/www.aobot.co\/wp-content\/uploads\/2024\/01\/Banner-AO.BOT-Cubos.jpg\" data-upb-overlay-color=\"rgba(15,34,140,0.2)\" data-upb-bg-animation=\"\" data-fadeout=\"\" data-fadeout-percentage=\"30\"  data-parallax-content=\"\" data-parallax-content-sense=\"30\" data-row-effect-mobile-disable=\"true\" data-img-parallax-mobile-disable=\"true\" data-rtl=\"false\"  data-custom-vc-row=\"\"  data-vc=\"7.2\"  data-is_old_vc=\"\"  data-theme-support=\"\"   data-overlay=\"true\" data-overlay-color=\"rgba(15,34,140,0.2)\" data-overlay-pattern=\"https:\/\/www.aobot.co\/wp-content\/plugins\/Ultimate_VC_Addons\/assets\/images\/patterns\/01.png\" data-overlay-pattern-opacity=\"0.99\" data-overlay-pattern-size=\"0\" data-overlay-pattern-attachment=\"scroll\"    data-seperator=\"true\"  data-seperator-type=\"curve_up_seperator\"  data-seperator-shape-size=\"40\"  data-seperator-svg-height=\"200\"  data-seperator-full-width=\"true\" data-seperator-position=\"bottom_seperator\"  data-seperator-background-color=\"#fefcff\"  data-icon=\"\"   data-video_fixer=\"true\"><\/div><div class=\"vc_row wpb_row vc_row-fluid wideipad\"><div class=\"wpb_column vc_column_container vc_col-sm-4\"><div class=\"vc_column-inner\"><div class=\"wpb_wrapper\"><div class=\"ult-animation  ult-animate-viewport  ult-no-mobile\" data-animate=\"fadeInUp\" data-animation-delay=\"0.5\" data-animation-duration=\"1\" data-animation-iteration=\"1\" style=\"opacity:0;\" data-opacity_start_effect=\"\"><div class=\"flip-box-wrap\" style=\"\"><div class=\"flip-box ifb-custom-height  horizontal_flip_left flip-box-custom-height flip-ifb-custom-height\"  style=\"\"  data-min-height='350px'><div class=\"ifb-flip-box\" id=\"flip-box-wrap-6005\"><div class=\"ifb-face ifb-front\" style=\"color:#333333;background:#ffffff; border-width: 0px;border-style: solid; border-color:#0f228c; border-radius: 0px;\">\n\t\t\t\t\t\t\t<div class=\"ifb-flip-box-section\">\n\t\t\t\t\t\t\t<div class=\"flip-box-icon\"><div class=\"ult-just-icon-wrapper\"><div class=\"align-icon\" style=\"text-align:center;\">\n<div class=\"aio-icon-img\" style=\"font-size:100px;display:inline-block;\" >\n\t<img decoding=\"async\" class=\"img-icon\" alt=\"null\" src=\"https:\/\/www.aobot.co\/wp-content\/uploads\/2024\/01\/Automatizacion-inteligente.gif\"\/>\n<\/div><\/div><\/div><\/div><h3 class=\"ult-responsive flipbox_heading\"  data-ultimate-target='#flip-box-wrap-6005 .ult-responsive.flipbox_heading'  data-responsive-json-new='{\"font-size\":\"desktop:22px;\",\"line-height\":\"\"}'  style=\"color:#333333; font-family:&#039;Inter&#039;;font-weight:700;\">Automatizaci\u00f3n y Optimizaci\u00f3n de Procesos Empresariales<\/h3><\/div><\/div><!-- END .front -->\n\t\t\t\t\t\t<div class=\"ifb-face ifb-back\" style=\"color:#333333;background:#ffffff; border-width: 0px;border-style: solid; border-color:#0f228c; border-radius: 0px;\">\n\t\t\t\t\t\t\t<div class=\"ifb-flip-box-section\"><h3 class=\"ult-responsive flipbox_heading\"  data-ultimate-target='#flip-box-wrap-6005 .ult-responsive.flipbox_heading'  data-responsive-json-new='{\"font-size\":\"desktop:22px;\",\"line-height\":\"\"}'  style=\"color:#333333; font-family:&#039;Inter&#039;;font-weight:700;\">Automatizaci\u00f3n y Optimizaci\u00f3n de Procesos Empresariales<\/h3><div class=\"ifb-desc-back\"><div class=\"ifb-flip-box-section-content ult-responsive\"  data-ultimate-target='#flip-box-wrap-6005 .ifb-flip-box-section-content.ult-responsive'  data-responsive-json-new='{\"font-size\":\"desktop:15px;\",\"line-height\":\"\"}'  style=\"color:#333333;color:#333333;\"><p>Dise\u00f1amos soluciones tecnol\u00f3gicas a la medida que simplifican tareas complejas, reducen errores y aumentan la productividad. Automatizamos procesos clave con inteligencia artificial y BOT inteligentes, ayud\u00e1ndote a ahorrar tiempo, optimizar recursos y enfocarte en actividades estrat\u00e9gicas de alto valor.<\/p><\/div><\/div><div class=\"flip_link\"><a href=\"https:\/\/wa.link\/07098o\"  style=\"background:#0f228c; color:#ffffff;\">Cont\u00e1ctanos<\/a><\/div><\/div><\/div><!-- END .back --><\/div> <!-- ifb-flip-box --><\/div> <!-- flip-box --><\/div><!-- End icon block --><\/div><\/div><\/div><\/div><div class=\"wpb_column vc_column_container vc_col-sm-4\"><div class=\"vc_column-inner\"><div class=\"wpb_wrapper\"><div class=\"ult-animation  ult-animate-viewport  ult-no-mobile\" data-animate=\"fadeInUp\" data-animation-delay=\"0.5\" data-animation-duration=\"1\" data-animation-iteration=\"1\" style=\"opacity:0;\" data-opacity_start_effect=\"\"><div class=\"flip-box-wrap\" style=\"\"><div class=\"flip-box ifb-custom-height  horizontal_flip_left flip-box-custom-height flip-ifb-custom-height\"  style=\"\"  data-min-height='350px'><div class=\"ifb-flip-box\" id=\"flip-box-wrap-7878\"><div class=\"ifb-face ifb-front\" style=\"color:#333333;background:#ffffff; border-width: 0px;border-style: solid; border-color:#0f228c; border-radius: 0px;\">\n\t\t\t\t\t\t\t<div class=\"ifb-flip-box-section\">\n\t\t\t\t\t\t\t<div class=\"flip-box-icon\"><div class=\"ult-just-icon-wrapper\"><div class=\"align-icon\" style=\"text-align:center;\">\n<div class=\"aio-icon-img\" style=\"font-size:100px;display:inline-block;\" >\n\t<img decoding=\"async\" class=\"img-icon\" alt=\"null\" src=\"https:\/\/www.aobot.co\/wp-content\/uploads\/2024\/01\/Desarrollo-de-software-a-la-medida-2-1.gif\"\/>\n<\/div><\/div><\/div><\/div><h3 class=\"ult-responsive flipbox_heading\"  data-ultimate-target='#flip-box-wrap-7878 .ult-responsive.flipbox_heading'  data-responsive-json-new='{\"font-size\":\"desktop:22px;\",\"line-height\":\"\"}'  style=\"color:#333333; font-family:&#039;Inter&#039;;font-weight:700;\">Desarrollo de Software Especializados<\/h3><\/div><\/div><!-- END .front -->\n\t\t\t\t\t\t<div class=\"ifb-face ifb-back\" style=\"color:#333333;background:#ffffff; border-width: 0px;border-style: solid; border-color:#0f228c; border-radius: 0px;\">\n\t\t\t\t\t\t\t<div class=\"ifb-flip-box-section\"><h3 class=\"ult-responsive flipbox_heading\"  data-ultimate-target='#flip-box-wrap-7878 .ult-responsive.flipbox_heading'  data-responsive-json-new='{\"font-size\":\"desktop:22px;\",\"line-height\":\"\"}'  style=\"color:#333333; font-family:&#039;Inter&#039;;font-weight:700;\">Desarrollo de Software Especializados<\/h3><div class=\"ifb-desc-back\"><div class=\"ifb-flip-box-section-content ult-responsive\"  data-ultimate-target='#flip-box-wrap-7878 .ifb-flip-box-section-content.ult-responsive'  data-responsive-json-new='{\"font-size\":\"desktop:15px;\",\"line-height\":\"\"}'  style=\"color:#333333;color:#333333;\"><p>Desarrollamos soluciones personalizadas que se adaptan a tu modelo operativo, mejoran la eficiencia operativa e integran de forma fluida con tus sistemas actuales, maximizando el retorno de tu inversi\u00f3n tecnol\u00f3gica.<\/p><\/div><\/div><div class=\"flip_link\"><a href=\"https:\/\/wa.link\/m660a4\"  style=\"background:#0f228c; color:#ffffff;\">Cont\u00e1ctanos<\/a><\/div><\/div><\/div><!-- END .back --><\/div> <!-- ifb-flip-box --><\/div> <!-- flip-box --><\/div><!-- End icon block --><\/div><\/div><\/div><\/div><div class=\"wpb_column vc_column_container vc_col-sm-4\"><div class=\"vc_column-inner\"><div class=\"wpb_wrapper\"><div class=\"ult-animation  ult-animate-viewport  ult-no-mobile\" data-animate=\"fadeInUp\" data-animation-delay=\"0.5\" data-animation-duration=\"1\" data-animation-iteration=\"1\" style=\"opacity:0;\" data-opacity_start_effect=\"\"><div class=\"flip-box-wrap\" style=\"\"><div class=\"flip-box ifb-custom-height  horizontal_flip_left flip-box-custom-height flip-ifb-custom-height\"  style=\"\"  data-min-height='350px'><div class=\"ifb-flip-box\" id=\"flip-box-wrap-9967\"><div class=\"ifb-face ifb-front\" style=\"color:#333333;background:#ffffff; border-width: 0px;border-style: solid; border-color:#0f228c; border-radius: 0px;\">\n\t\t\t\t\t\t\t<div class=\"ifb-flip-box-section\">\n\t\t\t\t\t\t\t<div class=\"flip-box-icon\"><div class=\"ult-just-icon-wrapper\"><div class=\"align-icon\" style=\"text-align:center;\">\n<div class=\"aio-icon-img\" style=\"font-size:100px;display:inline-block;\" >\n\t<img decoding=\"async\" class=\"img-icon\" alt=\"null\" src=\"https:\/\/www.aobot.co\/wp-content\/uploads\/2024\/01\/Analitica-de-Datos.gif\"\/>\n<\/div><\/div><\/div><\/div><h3 class=\"ult-responsive flipbox_heading\"  data-ultimate-target='#flip-box-wrap-9967 .ult-responsive.flipbox_heading'  data-responsive-json-new='{\"font-size\":\"desktop:22px;\",\"line-height\":\"\"}'  style=\"color:#333333; font-family:&#039;Inter&#039;;font-weight:700;\">Anal\u00edtica de Datos<\/h3><\/div><\/div><!-- END .front -->\n\t\t\t\t\t\t<div class=\"ifb-face ifb-back\" style=\"color:#333333;background:#ffffff; border-width: 0px;border-style: solid; border-color:#0f228c; border-radius: 0px;\">\n\t\t\t\t\t\t\t<div class=\"ifb-flip-box-section\"><h3 class=\"ult-responsive flipbox_heading\"  data-ultimate-target='#flip-box-wrap-9967 .ult-responsive.flipbox_heading'  data-responsive-json-new='{\"font-size\":\"desktop:22px;\",\"line-height\":\"\"}'  style=\"color:#333333; font-family:&#039;Inter&#039;;font-weight:700;\">Anal\u00edtica de Datos<\/h3><div class=\"ifb-desc-back\"><div class=\"ifb-flip-box-section-content ult-responsive\"  data-ultimate-target='#flip-box-wrap-9967 .ifb-flip-box-section-content.ult-responsive'  data-responsive-json-new='{\"font-size\":\"desktop:15px;\",\"line-height\":\"\"}'  style=\"color:#333333;color:#333333;\"><p>Toma decisiones informadas con el poder de la anal\u00edtica de datos avanzada. Extraemos informaci\u00f3n clave de tus operaciones para ayudarte a entender patrones, predecir tendencias y mejorar continuamente.<\/p><\/div><\/div><div class=\"flip_link\"><a href=\"https:\/\/wa.link\/pqdjbp\"  style=\"background:#0f228c; color:#ffffff;\">Cont\u00e1ctanos<\/a><\/div><\/div><\/div><!-- END .back --><\/div> <!-- ifb-flip-box --><\/div> <!-- flip-box --><\/div><!-- End icon block --><\/div><\/div><\/div><\/div><div class=\"wpb_column vc_column_container vc_col-sm-4\"><div class=\"vc_column-inner\"><div class=\"wpb_wrapper\"><div class=\"ult-animation  ult-animate-viewport  ult-no-mobile\" data-animate=\"fadeInUp\" data-animation-delay=\"0.5\" data-animation-duration=\"1\" data-animation-iteration=\"1\" style=\"opacity:0;\" data-opacity_start_effect=\"\"><div class=\"flip-box-wrap\" style=\"\"><div class=\"flip-box ifb-custom-height  horizontal_flip_left flip-box-custom-height flip-ifb-custom-height\"  style=\"\"  data-min-height='350px'><div class=\"ifb-flip-box\" id=\"flip-box-wrap-6196\"><div class=\"ifb-face ifb-front\" style=\"color:#333333;background:#ffffff; border-width: 0px;border-style: solid; border-color:#0f228c; border-radius: 0px;\">\n\t\t\t\t\t\t\t<div class=\"ifb-flip-box-section\">\n\t\t\t\t\t\t\t<div class=\"flip-box-icon\"><div class=\"ult-just-icon-wrapper\"><div class=\"align-icon\" style=\"text-align:center;\">\n<div class=\"aio-icon-img\" style=\"font-size:100px;display:inline-block;\" >\n\t<img decoding=\"async\" class=\"img-icon\" alt=\"null\" src=\"https:\/\/www.aobot.co\/wp-content\/uploads\/2024\/01\/Ciberseguridad.gif\"\/>\n<\/div><\/div><\/div><\/div><h3 class=\"ult-responsive flipbox_heading\"  data-ultimate-target='#flip-box-wrap-6196 .ult-responsive.flipbox_heading'  data-responsive-json-new='{\"font-size\":\"desktop:22px;\",\"line-height\":\"\"}'  style=\"color:#333333; font-family:&#039;Inter&#039;;font-weight:700;\">Servicios de Ciberseguridad<\/h3><\/div><\/div><!-- END .front -->\n\t\t\t\t\t\t<div class=\"ifb-face ifb-back\" style=\"color:#333333;background:#ffffff; border-width: 0px;border-style: solid; border-color:#0f228c; border-radius: 0px;\">\n\t\t\t\t\t\t\t<div class=\"ifb-flip-box-section\"><h3 class=\"ult-responsive flipbox_heading\"  data-ultimate-target='#flip-box-wrap-6196 .ult-responsive.flipbox_heading'  data-responsive-json-new='{\"font-size\":\"desktop:22px;\",\"line-height\":\"\"}'  style=\"color:#333333; font-family:&#039;Inter&#039;;font-weight:700;\">Servicios de Ciberseguridad<\/h3><div class=\"ifb-desc-back\"><div class=\"ifb-flip-box-section-content ult-responsive\"  data-ultimate-target='#flip-box-wrap-6196 .ifb-flip-box-section-content.ult-responsive'  data-responsive-json-new='{\"font-size\":\"desktop:15px;\",\"line-height\":\"\"}'  style=\"color:#333333;color:#333333;\"><p>Somos tu aliado estrat\u00e9gico en la defensa digital, asegurando que tu informaci\u00f3n est\u00e9 siempre un paso adelante de los atacantes con nuestros servicios de ciberseguridad, con nuestros servicios de Auditor\u00edas Especializadas en Ciberseguridad, Vulnerabilidades y Hacking \u00c9tico. <\/p><\/div><\/div><div class=\"flip_link\"><a href=\"https:\/\/wa.link\/9plvgq\"  style=\"background:#0f228c; color:#ffffff;\">Cont\u00e1ctanos<\/a><\/div><\/div><\/div><!-- END .back --><\/div> <!-- ifb-flip-box --><\/div> <!-- flip-box --><\/div><!-- End icon block --><\/div><\/div><\/div><\/div><div class=\"wpb_column vc_column_container vc_col-sm-4\"><div class=\"vc_column-inner\"><div class=\"wpb_wrapper\"><div class=\"ult-animation  ult-animate-viewport  ult-no-mobile\" data-animate=\"fadeInUp\" data-animation-delay=\"0.5\" data-animation-duration=\"1\" data-animation-iteration=\"1\" style=\"opacity:0;\" data-opacity_start_effect=\"\"><div class=\"flip-box-wrap\" style=\"\"><div class=\"flip-box ifb-custom-height  horizontal_flip_left flip-box-custom-height flip-ifb-custom-height\"  style=\"\"  data-min-height='350px'><div class=\"ifb-flip-box\" id=\"flip-box-wrap-9569\"><div class=\"ifb-face ifb-front\" style=\"color:#333333;background:#ffffff; border-width: 0px;border-style: solid; border-color:#0f228c; border-radius: 0px;\">\n\t\t\t\t\t\t\t<div class=\"ifb-flip-box-section\">\n\t\t\t\t\t\t\t<div class=\"flip-box-icon\"><div class=\"ult-just-icon-wrapper\"><div class=\"align-icon\" style=\"text-align:center;\">\n<div class=\"aio-icon-img\" style=\"font-size:100px;display:inline-block;\" >\n\t<img decoding=\"async\" class=\"img-icon\" alt=\"null\" src=\"https:\/\/www.aobot.co\/wp-content\/uploads\/2024\/01\/Soporte-tenico-operaciones-TI.gif\"\/>\n<\/div><\/div><\/div><\/div><h3 class=\"ult-responsive flipbox_heading\"  data-ultimate-target='#flip-box-wrap-9569 .ult-responsive.flipbox_heading'  data-responsive-json-new='{\"font-size\":\"desktop:22px;\",\"line-height\":\"\"}'  style=\"color:#333333; font-family:&#039;Inter&#039;;font-weight:700;\">Servicios de Automatizaci\u00f3n en la Nube (AaaS)<\/h3><\/div><\/div><!-- END .front -->\n\t\t\t\t\t\t<div class=\"ifb-face ifb-back\" style=\"color:#333333;background:#ffffff; border-width: 0px;border-style: solid; border-color:#0f228c; border-radius: 0px;\">\n\t\t\t\t\t\t\t<div class=\"ifb-flip-box-section\"><h3 class=\"ult-responsive flipbox_heading\"  data-ultimate-target='#flip-box-wrap-9569 .ult-responsive.flipbox_heading'  data-responsive-json-new='{\"font-size\":\"desktop:22px;\",\"line-height\":\"\"}'  style=\"color:#333333; font-family:&#039;Inter&#039;;font-weight:700;\">Servicios de Automatizaci\u00f3n en la Nube (AaaS)<\/h3><div class=\"ifb-desc-back\"><div class=\"ifb-flip-box-section-content ult-responsive\"  data-ultimate-target='#flip-box-wrap-9569 .ifb-flip-box-section-content.ult-responsive'  data-responsive-json-new='{\"font-size\":\"desktop:15px;\",\"line-height\":\"\"}'  style=\"color:#333333;color:#333333;\"><p>Automatizamos tus procesos clave y los dejamos funcionando en la nube, sin que tengas que preocuparte por servidores, licencias o mantenimiento. T\u00fa solo disfrutas de tareas cumplidas autom\u00e1ticamente, ahorrando tiempo, costos y errores.<\/p><\/div><\/div><div class=\"flip_link\"><a href=\"https:\/\/wa.link\/f4ftmg\"  style=\"background:#0f228c; color:#ffffff;\">Cont\u00e1ctanos<\/a><\/div><\/div><\/div><!-- END .back --><\/div> <!-- ifb-flip-box --><\/div> <!-- flip-box --><\/div><!-- End icon block --><\/div><\/div><\/div><\/div><\/div><div class=\"vc_row wpb_row vc_row-fluid\"><div class=\"wpb_column vc_column_container vc_col-sm-12\"><div class=\"vc_column-inner\"><div class=\"wpb_wrapper\"><div class=\"vc_empty_space\"   style=\"height: 32px\"><span class=\"vc_empty_space_inner\"><\/span><\/div><div class=\"vc_empty_space\"   style=\"height: 32px\"><span class=\"vc_empty_space_inner\"><\/span><\/div><div class=\"vc_empty_space\"   style=\"height: 32px\"><span class=\"vc_empty_space_inner\"><\/span><\/div><div class=\"vc_empty_space\"   style=\"height: 32px\"><span class=\"vc_empty_space_inner\"><\/span><\/div><div class=\"vc_empty_space\"   style=\"height: 32px\"><span class=\"vc_empty_space_inner\"><\/span><\/div><\/div><\/div><\/div><div class=\"wpb_column vc_column_container vc_col-sm-12\"><div class=\"vc_column-inner\"><div class=\"wpb_wrapper\"><div class=\"ult-spacer spacer-69e343c0c5088\" data-id=\"69e343c0c5088\" data-height=\"40\" data-height-mobile=\"20\" data-height-tab=\"\" data-height-tab-portrait=\"20\" data-height-mobile-landscape=\"20\" style=\"clear:both;display:block;\"><\/div><\/div><\/div><\/div><\/div>\n<\/div>","protected":false},"excerpt":{"rendered":"Nuestros servicios El mejor servicio para ti . Automatizaci\u00f3n y Optimizaci\u00f3n de Procesos Empresariales Automatizaci\u00f3n y Optimizaci\u00f3n de Procesos EmpresarialesDise\u00f1amos soluciones tecnol\u00f3gicas a la medida que simplifican tareas complejas, reducen errores y aumentan la productividad. Automatizamos procesos clave con inteligencia artificial y BOT inteligentes, ayud\u00e1ndote a ahorrar tiempo, optimizar recursos y enfocarte en actividades estrat\u00e9gicas [...]","protected":false},"author":1,"featured_media":0,"parent":0,"menu_order":0,"comment_status":"closed","ping_status":"closed","template":"page.php","meta":{"footnotes":""},"class_list":["post-28","page","type-page","status-publish","hentry"],"_links":{"self":[{"href":"https:\/\/www.aobot.co\/en\/wp-json\/wp\/v2\/pages\/28","targetHints":{"allow":["GET"]}}],"collection":[{"href":"https:\/\/www.aobot.co\/en\/wp-json\/wp\/v2\/pages"}],"about":[{"href":"https:\/\/www.aobot.co\/en\/wp-json\/wp\/v2\/types\/page"}],"author":[{"embeddable":true,"href":"https:\/\/www.aobot.co\/en\/wp-json\/wp\/v2\/users\/1"}],"replies":[{"embeddable":true,"href":"https:\/\/www.aobot.co\/en\/wp-json\/wp\/v2\/comments?post=28"}],"version-history":[{"count":79,"href":"https:\/\/www.aobot.co\/en\/wp-json\/wp\/v2\/pages\/28\/revisions"}],"predecessor-version":[{"id":4441,"href":"https:\/\/www.aobot.co\/en\/wp-json\/wp\/v2\/pages\/28\/revisions\/4441"}],"wp:attachment":[{"href":"https:\/\/www.aobot.co\/en\/wp-json\/wp\/v2\/media?parent=28"}],"curies":[{"name":"wp","href":"https:\/\/api.w.org\/{rel}","templated":true}]}}