{"id":1490,"date":"2022-11-30T15:34:52","date_gmt":"2022-11-30T15:34:52","guid":{"rendered":"https:\/\/preview.treethemes.com\/nyssa\/demo1-clean\/?page_id=1490"},"modified":"2025-04-22T21:21:54","modified_gmt":"2025-04-22T21:21:54","slug":"empresa","status":"publish","type":"page","link":"https:\/\/www.aobot.co\/en\/empresa\/","title":{"rendered":"empresa"},"content":{"rendered":"<div class=\"wpb-content-wrapper\"><div data-vc-full-width=\"true\" data-vc-full-width-init=\"false\" data-vc-stretch-content=\"true\" class=\"vc_row wpb_row vc_row-fluid wpb_animate_when_almost_visible wpb_fadeIn fadeIn vc_row-no-padding\"><div class=\"wpb_column vc_column_container vc_col-sm-8\"><div class=\"vc_column-inner\"><div class=\"wpb_wrapper\"><div class=\"ult-content-box-container\" >\t\t<div class=\"ult-content-box\" style=\"box-shadow: px px px px none;margin:70px;-webkit-transition: all 700ms ease;-moz-transition: all 700ms ease;-ms-transition: all 700ms ease;-o-transition: all 700ms ease;transition: all 700ms ease;\"  data-hover_box_shadow=\"none\"   data-responsive_margins=\"margin:0px;\"   data-normal_margins=\"margin:70px;\"  ><div class=\"vc_empty_space\"   style=\"height: 100px\"><span class=\"vc_empty_space_inner\"><\/span><\/div><h5 style=\"color: rgba(255,255,255,0.7);text-align: left\" class=\"vc_custom_heading\" >Conoce nuestra empresa<\/h5><div id=\"ultv-8741\" class=\"ult-dual-color ult-adjust-bottom-margin ult-dual-color-responsive-none ultv-8741\"><div class=\"ult-module-content ult-dual-color-heading\" style=\"text-align:left;\">\n\t\t\t\t\t\t<h1><span class=\"ult-before-heading\">\n\t\t\t\t\t\t\t\t\t<span class=\"ult-dual-heading-text ult-first-text ult-responsive\"  data-ultimate-target='.ult-dual-color.ultv-8741 .ult-dual-heading-text'  data-responsive-json-new='{\"font-size\":\"\",\"line-height\":\"\"}'  style=\"color:#ffffff;     border:none; font-family:&#039;Inter&#039;;font-weight:800;\">Excepcionalmente adaptado a ti<\/span>\n\t\t\t\t\t\t\t\t<\/span><span class=\"ult-adv-heading\" style=\"\">\n\t\t\t\t\t\t\t\t\t<span class=\"ult-dual-adv-heading-text ult-highlight-text ult-responsive\"  data-ultimate-target='.ult-dual-color.ultv-8741 .ult-highlight-text'  data-responsive-json-new='{\"font-size\":\"\",\"line-height\":\"\"}'  style=\"color:#ffffff;   letter-spacing:0px;  border:none; font-family:&#039;Inter&#039;;font-weight:800;\">.<\/span>\n\t\t\t\t\t\t\t\t<\/span><\/h1> <\/div><\/div><div class=\"vc_empty_space\"   style=\"height: 30px\"><span class=\"vc_empty_space_inner\"><\/span><\/div><div class=\"vc_empty_space\"   style=\"height: 30px\"><span class=\"vc_empty_space_inner\"><\/span><\/div><div class=\"vc_empty_space\"   style=\"height: 220px\"><span class=\"vc_empty_space_inner\"><\/span><\/div>\t\t<\/div><\/div><\/div><\/div><\/div><div class=\"wpb_column vc_column_container vc_col-sm-4\"><div class=\"vc_column-inner\"><div class=\"wpb_wrapper\"><\/div><\/div><\/div><\/div><div class=\"vc_row-full-width vc_clearfix\"><\/div><!-- Row Backgrounds --><div class=\"upb_content_iframe\" data-controls=\"\" data-viewport-video=\"false\" data-ultimate-video=\"https:\/\/www.youtube.com\/watch?v=zSydiD_72Y4\" data-bg-override=\"ex-full\" data-start-time=\"\" data-stop-time=\"\" data-ultimate-video-muted=\"muted\" data-ultimate-video-loop=\"loop\" data-ultimate-video-poster=\"https:\/\/www.aobot.co\/wp-content\/uploads\/2024\/01\/Banners-AO.BOT-empresa-1.jpg\" data-upb-overlay-color=\"rgba(15,34,140,0.2)\" data-upb-bg-animation=\"\" data-fadeout=\"\" data-fadeout-percentage=\"30\"  data-parallax-content=\"\" data-parallax-content-sense=\"30\" data-row-effect-mobile-disable=\"true\" data-img-parallax-mobile-disable=\"true\" data-rtl=\"false\"  data-custom-vc-row=\"\"  data-vc=\"7.2\"  data-is_old_vc=\"\"  data-theme-support=\"\"   data-overlay=\"true\" data-overlay-color=\"rgba(15,34,140,0.2)\" data-overlay-pattern=\"https:\/\/www.aobot.co\/wp-content\/plugins\/Ultimate_VC_Addons\/assets\/images\/patterns\/01.png\" data-overlay-pattern-opacity=\"0.99\" data-overlay-pattern-size=\"0\" data-overlay-pattern-attachment=\"scroll\"    data-seperator=\"true\"  data-seperator-type=\"curve_up_seperator\"  data-seperator-shape-size=\"40\"  data-seperator-svg-height=\"200\"  data-seperator-full-width=\"true\" data-seperator-position=\"bottom_seperator\"  data-seperator-background-color=\"#fefcff\"  data-icon=\"\"   data-video_fixer=\"true\"><\/div><div class=\"vc_row wpb_row vc_row-fluid wideipad vc_custom_1674469288556\"><div class=\"wpb_animate_when_almost_visible wpb_fadeInUp fadeInUp wpb_column vc_column_container vc_col-sm-12\"><div class=\"vc_column-inner\"><div class=\"wpb_wrapper\"><section class='special_tabs icontext vertical'><div class='tab-selector col-xs-12 col-sm-3'><\/div><div class='tab-container col-xs-12 col-sm-9' style='margin-left:0px;'><\/div><div class='label 1'><div class='nyssa_icon_special_tabs'><i class='fa linearicons-home2'><\/i><\/div><div class='title'><a class='special_tabs_linkage'>AO.BOT<\/a><\/div><div class='divider-vertical-tabs'><\/div><\/div><div class='content 1'><div class=\"vc_row wpb_row vc_inner vc_row-fluid\"><div class=\"wpb_column vc_column_container vc_col-sm-12\"><div class=\"vc_column-inner vc_custom_1474056192226\"><div class=\"wpb_wrapper\"><h3 style=\"text-align: left\" class=\"vc_custom_heading\" >Conoce a AO.BOT<\/h3><div class=\"vc_empty_space\"   style=\"height: 10px\"><span class=\"vc_empty_space_inner\"><\/span><\/div>\n\t<div class=\"wpb_text_column wpb_content_element\" >\n\t\t<div class=\"wpb_wrapper\">\n\t\t\t<p style=\"text-align: justify;\">En AO.BOT, somos <strong>pioneros<\/strong> en la creaci\u00f3n de soluciones transformadoras basadas en <strong>Inteligencia Artificial<\/strong>. Nuestra dedicaci\u00f3n se centra en <strong>agilizar<\/strong> y <strong>optimizar<\/strong> los flujos de trabajo empresariales, marcando la pauta en la revoluci\u00f3n tecnol\u00f3gica.<\/p>\n<p style=\"text-align: justify;\">Situados a la vanguardia, nuestro equipo altamente capacitado trabaja incansablemente para dise\u00f1ar soluciones <strong>adaptativas<\/strong>. No solo automatizamos, sino que <strong>transformamos<\/strong> la interacci\u00f3n de las empresas con datos y flujos de trabajo.<\/p>\n\n\t\t<\/div>\n\t<\/div>\n<div class=\"vc_empty_space\"   style=\"height: 20px\"><span class=\"vc_empty_space_inner\"><\/span><\/div><\/div><\/div><\/div><\/div>\n<\/div><div class='label 2'><div class='nyssa_icon_special_tabs'><i class='fa linearicons-rocket'><\/i><\/div><div class='title'><a class='special_tabs_linkage'>Misi\u00f3n<\/a><\/div><div class='divider-vertical-tabs'><\/div><\/div><div class='content 2'><div class=\"vc_row wpb_row vc_inner vc_row-fluid\"><div class=\"wpb_column vc_column_container vc_col-sm-12\"><div class=\"vc_column-inner vc_custom_1474056192226\"><div class=\"wpb_wrapper\"><h3 style=\"text-align: left\" class=\"vc_custom_heading\" >Misi\u00f3n<\/h3><div class=\"vc_empty_space\"   style=\"height: 20px\"><span class=\"vc_empty_space_inner\"><\/span><\/div>\n\t<div class=\"wpb_text_column wpb_content_element\" >\n\t\t<div class=\"wpb_wrapper\">\n\t\t\t<p style=\"text-align: justify;\">Ofrecemos <strong>soluciones tecnol\u00f3gicas innovadoras<\/strong> que automatizan y optimizan los procesos empresariales, desarrollando software personalizado, <strong>soluciones basadas en IA<\/strong> y herramientas de <strong>anal\u00edtica de datos<\/strong>. Nos comprometemos a impulsar la eficiencia, productividad y crecimiento sostenible de nuestros clientes, adapt\u00e1ndonos a sus necesidades y creando un impacto positivo en su transformaci\u00f3n digital<\/p>\n\n\t\t<\/div>\n\t<\/div>\n<\/div><\/div><\/div><\/div>\n<\/div><div class='label 3'><div class='nyssa_icon_special_tabs'><i class='fa linearicons-lamp'><\/i><\/div><div class='title'><a class='special_tabs_linkage'>Visi\u00f3n<\/a><\/div><div class='divider-vertical-tabs'><\/div><\/div><div class='content 3'><div class=\"vc_row wpb_row vc_inner vc_row-fluid\"><div class=\"wpb_column vc_column_container vc_col-sm-12\"><div class=\"vc_column-inner vc_custom_1474056192226\"><div class=\"wpb_wrapper\"><h3 style=\"text-align: left\" class=\"vc_custom_heading\" >Visi\u00f3n<\/h3><div class=\"vc_empty_space\"   style=\"height: 20px\"><span class=\"vc_empty_space_inner\"><\/span><\/div>\n\t<div class=\"wpb_text_column wpb_content_element\" >\n\t\t<div class=\"wpb_wrapper\">\n\t\t\t<p style=\"text-align: justify;\">Ser l\u00edderes en la <strong>automatizaci\u00f3n y optimizaci\u00f3n de procesos<\/strong> a nivel global, ofreciendo tecnolog\u00eda avanzada y personalizada que redefine la forma en que las empresas operan. Nos enfocamos en un futuro donde la <strong>inteligencia artificial<\/strong>, la automatizaci\u00f3n y el <strong>an\u00e1lisis de datos<\/strong> permitan a las organizaciones alcanzar su m\u00e1ximo potencial, transformando industrias y sociedades de manera eficiente y sostenible.<\/p>\n\n\t\t<\/div>\n\t<\/div>\n<div class=\"vc_empty_space\"   style=\"height: 20px\"><span class=\"vc_empty_space_inner\"><\/span><\/div><\/div><\/div><\/div><\/div>\n<\/div><div class='label 4'><div class='nyssa_icon_special_tabs'><i class='fa linearicons-city'><\/i><\/div><div class='title'><a class='special_tabs_linkage'>Valores<\/a><\/div><div class='divider-vertical-tabs'><\/div><\/div><div class='content 4'><div class=\"vc_row wpb_row vc_inner vc_row-fluid\"><div class=\"wpb_column vc_column_container vc_col-sm-12\"><div class=\"vc_column-inner vc_custom_1474056192226\"><div class=\"wpb_wrapper\"><h3 style=\"text-align: left\" class=\"vc_custom_heading\" >Valores<\/h3><div class=\"vc_empty_space\"   style=\"height: 20px\"><span class=\"vc_empty_space_inner\"><\/span><\/div>\n\t<div class=\"wpb_text_column wpb_content_element\" >\n\t\t<div class=\"wpb_wrapper\">\n\t\t\t<ul>\n<li>Integridad.<\/li>\n<li>Compromiso.<\/li>\n<li>Responsabilidad.<\/li>\n<li>Respeto.<\/li>\n<li>Confianza.<\/li>\n<li>Equidad.<\/li>\n<\/ul>\n\n\t\t<\/div>\n\t<\/div>\n<div class=\"vc_empty_space\"   style=\"height: 20px\"><span class=\"vc_empty_space_inner\"><\/span><\/div><\/div><\/div><\/div><\/div>\n<\/div>\n<\/section><div class=\"ult-spacer spacer-69e3432466d2b\" data-id=\"69e3432466d2b\" data-height=\"100\" data-height-mobile=\"60\" data-height-tab=\"\" data-height-tab-portrait=\"\" data-height-mobile-landscape=\"60\" style=\"clear:both;display:block;\"><\/div><\/div><\/div><\/div><\/div>\n<\/div>","protected":false},"excerpt":{"rendered":"Conoce nuestra empresa Excepcionalmente adaptado a ti . AO.BOTConoce a AO.BOT En AO.BOT, somos pioneros en la creaci\u00f3n de soluciones transformadoras basadas en Inteligencia Artificial. Nuestra dedicaci\u00f3n se centra en agilizar y optimizar los flujos de trabajo empresariales, marcando la pauta en la revoluci\u00f3n tecnol\u00f3gica. Situados a la vanguardia, nuestro equipo altamente capacitado trabaja incansablemente [...]","protected":false},"author":1,"featured_media":0,"parent":0,"menu_order":0,"comment_status":"closed","ping_status":"closed","template":"page.php","meta":{"footnotes":""},"class_list":["post-1490","page","type-page","status-publish","hentry"],"_links":{"self":[{"href":"https:\/\/www.aobot.co\/en\/wp-json\/wp\/v2\/pages\/1490","targetHints":{"allow":["GET"]}}],"collection":[{"href":"https:\/\/www.aobot.co\/en\/wp-json\/wp\/v2\/pages"}],"about":[{"href":"https:\/\/www.aobot.co\/en\/wp-json\/wp\/v2\/types\/page"}],"author":[{"embeddable":true,"href":"https:\/\/www.aobot.co\/en\/wp-json\/wp\/v2\/users\/1"}],"replies":[{"embeddable":true,"href":"https:\/\/www.aobot.co\/en\/wp-json\/wp\/v2\/comments?post=1490"}],"version-history":[{"count":33,"href":"https:\/\/www.aobot.co\/en\/wp-json\/wp\/v2\/pages\/1490\/revisions"}],"predecessor-version":[{"id":4860,"href":"https:\/\/www.aobot.co\/en\/wp-json\/wp\/v2\/pages\/1490\/revisions\/4860"}],"wp:attachment":[{"href":"https:\/\/www.aobot.co\/en\/wp-json\/wp\/v2\/media?parent=1490"}],"curies":[{"name":"wp","href":"https:\/\/api.w.org\/{rel}","templated":true}]}}